{"id":865,"date":"2021-10-21T00:05:16","date_gmt":"2021-10-21T03:05:16","guid":{"rendered":"http:\/\/floresdoaterrodoflamengo.com.br\/?page_id=865"},"modified":"2022-01-03T14:54:25","modified_gmt":"2022-01-03T17:54:25","slug":"clima-de-brasilia","status":"publish","type":"page","link":"https:\/\/www.floresdoaterrodoflamengo.com.br\/?page_id=865","title":{"rendered":"Clima de Bras\u00edlia"},"content":{"rendered":"\t\t<div data-elementor-type=\"wp-page\" data-elementor-id=\"865\" class=\"elementor elementor-865\">\n\t\t\t\t\t\t<section class=\"elementor-section elementor-top-section elementor-element elementor-element-b00d832 elementor-section-boxed elementor-section-height-default elementor-section-height-default\" data-id=\"b00d832\" data-element_type=\"section\" data-e-type=\"section\">\n\t\t\t\t\t\t<div class=\"elementor-container elementor-column-gap-default\">\n\t\t\t\t\t<div class=\"elementor-column elementor-col-100 elementor-top-column elementor-element elementor-element-c0bb9d2\" data-id=\"c0bb9d2\" data-element_type=\"column\" data-e-type=\"column\">\n\t\t\t<div class=\"elementor-widget-wrap elementor-element-populated\">\n\t\t\t\t\t\t<div class=\"elementor-element elementor-element-ea916d2 elementor-drop-cap-yes elementor-drop-cap-view-default elementor-widget elementor-widget-text-editor\" data-id=\"ea916d2\" data-element_type=\"widget\" data-e-type=\"widget\" data-settings=\"{&quot;drop_cap&quot;:&quot;yes&quot;}\" data-widget_type=\"text-editor.default\">\n\t\t\t\t<div class=\"elementor-widget-container\">\n\t\t\t\t\t\t\t\t\t<p>As esta\u00e7\u00f5es do ano ainda s\u00e3o ensinadas no Brasil com a nostalgia europeia onde o ver\u00e3o \u00e9 a esta\u00e7\u00e3o do calor, s\u00edmbolo sol ardente, o outono, simbolizado com folhas ca\u00eddas, o inverno \u00e9 a esta\u00e7\u00e3o fria, s\u00edmbolo floco de neve, e a primavera esta\u00e7\u00e3o das flores que s\u00e3o seu s\u00edmbolo.<\/p>\n<p>Eu achei que isto era um defeito de meus livros did\u00e1ticos de minha distante inf\u00e2ncia, embora onde eu passei meus anos de escola prim\u00e1ria, Irati no Paran\u00e1, as imagens ainda faziam um certo sentido porque se n\u00e3o t\u00ednhamos neve pelo menos t\u00ednhamos geadas que, nos dias mais frios, cobriam os campos de uma fina camada de gelo.<\/p>\n<p>Para o resto do Brasil, estes s\u00edmbolos n\u00e3o fazem sentido e a crian\u00e7a que queira checar, na natureza, o que v\u00ea nos livros vai ter muitas surpresas, a come\u00e7ar pela queda das folhas que se d\u00e1, na maioria do territ\u00f3rio nacional, em datas variadas para cada esp\u00e9cie. No entanto, ela conclui que o melhor para o sucesso nas notas no boletim \u00e9 repetir a \u201crealidade virtual\u201d que lhe \u00e9 imposta. Se colocar, por exemplo que as folhas caem no inverno, ou at\u00e9 na primavera, quase seguramente receber\u00e1 uma nota baixa.<\/p>\n<p>Fiz uma consulta colocando \u201cquatro esta\u00e7\u00f5es\u201d no Google e encontrei os mesmos s\u00edmbolos usados no meu tempo, inclusive em materiais did\u00e1ticos.<\/p>\n<p>A ideia deste \u201csaite\u201d \u00e9 justamente encontrar refer\u00eancias na natureza, principalmente nas flores, de como se desenvolvem as esta\u00e7\u00f5es nas diversas regi\u00f5es. Encontrei, nessa busca, algu\u00e9m que teve uma ideia parecida e fez um livro sobre p\u00e1ssaros na Mata Atl\u00e2ntica em cada esta\u00e7\u00e3o. Tomo a liberdade de mostrar sua capa. Preferi colocar este bom exemplo ao inv\u00e9s de muitas outras ilustra\u00e7\u00f5es, inclusive e&nbsp; capas de livros did\u00e1ticos que mostravam, nas figuras, o estereotipo herdado dos europeus\/americanos (do norte).<\/p>\n<figure id=\"attachment_532\" class=\"wp-caption aligncenter\" aria-describedby=\"caption-attachment-532\"><figure id=\"attachment_532\" aria-describedby=\"caption-attachment-532\" style=\"width: 356px\" class=\"wp-caption aligncenter\"><img fetchpriority=\"high\" decoding=\"async\" class=\"size-full wp-image-532\" src=\"http:\/\/floresdoaterrodoflamengo.com.br\/wp-content\/uploads\/2021\/10\/quatroestacoesmataatlantica.jpg\" alt=\"Livro Esta\u00e7\u00f5es\" width=\"356\" height=\"500\" srcset=\"https:\/\/www.floresdoaterrodoflamengo.com.br\/wp-content\/uploads\/2021\/10\/quatroestacoesmataatlantica.jpg 356w, https:\/\/www.floresdoaterrodoflamengo.com.br\/wp-content\/uploads\/2021\/10\/quatroestacoesmataatlantica-214x300.jpg 214w\" sizes=\"(max-width: 356px) 100vw, 356px\" \/><figcaption id=\"caption-attachment-532\" class=\"wp-caption-text\">Figura 1: Livro Esta\u00e7\u00f5es na Mata Atl\u00e2ntica<\/figcaption><\/figure>\n<figcaption id=\"caption-attachment-532\" class=\"wp-caption-text\"><\/figcaption>\n<p>Nossa ideia aqui \u00e9 propor um trabalho coletivo em que possamos chegar ao calend\u00e1rio floral de v\u00e1rias regi\u00f5es brasileiras.<\/p>\n<\/figure>\n<p>Este trabalho come\u00e7a por identificar como o clima se desenvolve realmente ao longo do ano.<\/p>\n<p>O tra\u00e7o marcante do clima de Bras\u00edlia \u00e9 o seu per\u00edodo seco e procuramos trazer a compila\u00e7\u00e3o do comportamento m\u00e9dio das temperaturas ao longo do ano e da umidade relativa do ar.<\/p>\n<p><img decoding=\"async\" class=\"alignnone size-full wp-image-533 aligncenter\" src=\"http:\/\/floresdoaterrodoflamengo.com.br\/wp-content\/uploads\/2021\/10\/temperaturasbrasilia.png\" alt=\"\" width=\"891\" height=\"584\" srcset=\"https:\/\/www.floresdoaterrodoflamengo.com.br\/wp-content\/uploads\/2021\/10\/temperaturasbrasilia.png 891w, https:\/\/www.floresdoaterrodoflamengo.com.br\/wp-content\/uploads\/2021\/10\/temperaturasbrasilia-300x197.png 300w, https:\/\/www.floresdoaterrodoflamengo.com.br\/wp-content\/uploads\/2021\/10\/temperaturasbrasilia-768x503.png 768w\" sizes=\"(max-width: 891px) 100vw, 891px\" \/><\/p>\n<p style=\"text-align: center;\">Figura 2: Varia\u00e7\u00e3o das temperaturas m\u00e9dias, m\u00e1ximas e m\u00ednimas ao longo dos dias do ano&nbsp;<\/p>\n<p>Bras\u00edlia, em termos de temperatura m\u00e9dia, \u00e9 um clima bastante ameno com uma temperatura m\u00e9dia de 21,4 \u00baC&nbsp; que predomina de novembro a abril. Temos dois meses mais frios, junho e julho com m\u00e9dia 19 \u00baC, e dois meses mais quentes, setembro e outubro, com m\u00e9dia de 22,3\u00baC. Com intervalo de dois meses, entre julho e setembro, passa-se praticamente do m\u00eas mais frio para o mais quente (na verdade. o m\u00eas de outubro \u00e9 0,2 graus mais quente)<\/p>\n<p>As varia\u00e7\u00f5es di\u00e1rias s\u00e3o relativamente altas com uma diferen\u00e7a entre a m\u00e1xima e m\u00ednima (valores m\u00e9dios para o m\u00eas) de cerca de 10 \u00baC. Essa diferen\u00e7a atinge o m\u00e1ximo justamente no m\u00eas da agosto que \u00e9 cerca de 12 \u00baC. Fundamentalmente estas grandes varia\u00e7\u00f5es est\u00e3o ligadas a altitude e a seca que tornam a in\u00e9rcia da massa atmosf\u00e9rica menor. O extremo disto ocorre nas regi\u00f5es des\u00e9rticas onde a varia\u00e7\u00e3o di\u00e1ria supera 40 graus cent\u00edgrados.<\/p>\n<p>O outro par\u00e2metro determinante em Bras\u00edlia \u00e9 a umidade relativa do ar cujos valores s\u00e3o mostrados no gr\u00e1fico a seguir, juntamente com os dias com chuva superior a 1 mm em cada m\u00eas. Assinala-se a umidade relativa que \u00e9 de 47% em agosto. Em termos m\u00e9dios, essa umidade ainda \u00e9 confort\u00e1vel. No entanto, em dias isolados, a cidade chega a registrar, como ocorreu em 2020, m\u00ednimo de umidade relativa do ar de 10% (em 04\/10\/20), o que \u00e9 extremamente desagrad\u00e1vel.&nbsp; &nbsp; &nbsp;&nbsp;<\/p>\n<figure id=\"attachment_82\" aria-describedby=\"caption-attachment-82\" style=\"width: 755px\" class=\"wp-caption alignnone\"><img decoding=\"async\" class=\"size-full wp-image-82\" src=\"http:\/\/floresdoaterrodoflamengo.com.br\/wp-content\/uploads\/2021\/09\/agosto_umidade.png\" alt=\"Umidade e dias de chuva em BSB\" width=\"755\" height=\"498\" srcset=\"https:\/\/www.floresdoaterrodoflamengo.com.br\/wp-content\/uploads\/2021\/09\/agosto_umidade.png 755w, https:\/\/www.floresdoaterrodoflamengo.com.br\/wp-content\/uploads\/2021\/09\/agosto_umidade-300x198.png 300w\" sizes=\"(max-width: 755px) 100vw, 755px\" \/><figcaption id=\"caption-attachment-82\" class=\"wp-caption-text\">&nbsp;Figura 3: Umidade e dias de chuva , dados m\u00e9dios para Bras\u00edlia<\/figcaption><\/figure>\n<p>Umidade relativa (% da satura\u00e7\u00e3o do vapor) e dias com chuva<\/p>\n<p>O&nbsp;<strong>valor m\u00e9dio do m\u00eas<\/strong>, tanto para a temperatura m\u00e1xima como para&nbsp; a m\u00ednima, \u00e9&nbsp; a m\u00e9dia dos valores di\u00e1rios&nbsp;de m\u00e1ximos ou m\u00ednimos. O valor normal, representado nas figuras, \u00e9 ainda uma m\u00e9dia dos dados do INMET para um per\u00edodo de 20 anos. Este procedimento implica em \u201calisar as curvas\u201d tanto de temperatura, como de umidade relativa do ar. Para temperatura, por exemplo, encontramos, nos dados hor\u00e1rios de 2020, do Instituto Nacional de Meteorologia, valores m\u00e1ximos de 36,5 \u00baC (em 08\/10\/20) e m\u00ednimo de 8,5 \u00baC (em 27\/05\/20).&nbsp;<br>Outra maneira de monitorar a chuva \u00e9 o registro mensal do total da precipita\u00e7\u00e3o, ao longo do ano, em mm de chuva (m\u00e9dia v\u00e1rios anos. O gr\u00e1fico da Figura 4 mostra&nbsp; a correla\u00e7\u00e3o negativa entre precipita\u00e7\u00e3o mensais (em mm\/m\u00eas) e a varia\u00e7\u00e3o da temperatura (m\u00e1xima-m\u00ednima).&nbsp;<\/p>\n<p>Pode-se ver que meses mais secos apresentam uma maior varia\u00e7\u00e3o m\u00e9dia da temperatura mensal. A chuva atua como regulador da temperatura ambiente j\u00e1 que a atmosfera contendo vapor d&#8217;\u00e1gua tem uma in\u00e9rcia t\u00e9rmica maior, baseada, na capacidade de reter calor da \u00e1gua contida na atmosfera.<\/p>\n<p><\/p>\t\t\t\t\t\t\t\t<\/div>\n\t\t\t\t<\/div>\n\t\t\t\t<div class=\"elementor-element elementor-element-764faef elementor-widget elementor-widget-text-editor\" data-id=\"764faef\" data-element_type=\"widget\" data-e-type=\"widget\" data-widget_type=\"text-editor.default\">\n\t\t\t\t<div class=\"elementor-widget-container\">\n\t\t\t\t\t\t\t\t\t<h3><strong>Fim de Ano<\/strong><\/h3>\n<p>Caras e Caros,<\/p>\n<p>Em novembro, eu e minha esposa dividimos nosso tempo entre Rio e Bras\u00edlia e tive a oportunidade de colher fotos no Aterro do Flamengo e no cerrado e ruas de Bras\u00edlia. S\u00e3o duas realidades distintas que nos apresenta a Natureza. Estes passeios coincidiram um pouco com uma sensa\u00e7\u00e3o, ainda reprimida, da recupera\u00e7\u00e3o da liberdade de ir e vir depois das restri\u00e7\u00f5es da pandemia.<\/p>\n<p>Meu projeto de Calend\u00e1rio Floral avan\u00e7ou atingindo os 5\/12 na parte do Cerrado. A ideia do Calend\u00e1rio Floral \u00e9 romper com o estere\u00f3tipo das esta\u00e7\u00f5es do ano cuja representa\u00e7\u00e3o (neve no inverno, flores s\u00f3 na primavera, praias s\u00f3 no ver\u00e3o e folhas caindo s\u00f3 no outono) nada t\u00eam a ver com a realidade brasileira. <br \/>O ano de 1922 marcou o in\u00edcio de um movimento que revolucionou as artes brasileiras que foi o Antropofagismo. A ideia desse movimento era comer a realidade europeia, como os \u00edndios fizeram com o Bispo Sardinha e, a partir de adapta\u00e7\u00e3o \u00e0 nossa realidade, produzir pensamentos e arte que seriam universais.<\/p>\n<p>Dentro destas ideias, montamos o &#8220;saite&#8221; calendariofloral.com e o portal no YouTube &#8220;Calend\u00e1rio Floral&#8221;.<\/p>\n<p>Encarei isto como uma divers\u00e3o que me ajudou a cumprir um programa de caminhadas que me propus.<\/p>\n<p>Desejo, para o ano 2022, que nosso Pa\u00eds reencontre um caminho que nos una para alcan\u00e7armos um futuro melhor. A natureza do Brasil faz parte do legado que recebemos tanto dos colonizados como dos colonizadores. Em torno da brasilidade temos percorrido o caminho de constituir uma P\u00e1tria de todos.\u00a0 Este caminho, a meu ver, come\u00e7a por conhecermos e preservarmos nossas heran\u00e7as multirraciais.<\/p>\n<p><strong>Um Feliz e Proveitoso ano do bicenten\u00e1rio, com muita Sa\u00fade<\/strong>!\u00a0<\/p>\n<p>P.S.: Antes que me esque\u00e7a, venham nos visitar, os portais est\u00e3o abertos! <br \/>Pela quantidade de latitudes que contamos no nosso Brasil temos, em verdade, muitos calend\u00e1rios florais como j\u00e1 sabem os apicultores. Estamos abertos a colabora\u00e7\u00f5es para montarmos muitos calend\u00e1rios.<\/p>\n<h3>Feliz Natal<\/h3>\n<p>Desejamos a todos, muito especialmente aos nossos amigos, um Feliz Natal e que o ano de 2022 nos traga boas surpresas e muita raz\u00e3o para nossas esperan\u00e7as maiores. Que o bicenten\u00e1rio da Rep\u00fablica nos fa\u00e7a olhar para frente e nos d\u00ea \u00e2nimo para continuarmos trabalhando por um futuro melhor para nosso querido e sofrido Pa\u00eds.<\/p>\t\t\t\t\t\t\t\t<\/div>\n\t\t\t\t<\/div>\n\t\t\t\t\t<\/div>\n\t\t<\/div>\n\t\t\t\t\t<\/div>\n\t\t<\/section>\n\t\t\t\t<section class=\"elementor-section elementor-top-section elementor-element elementor-element-74b3580 elementor-section-boxed elementor-section-height-default elementor-section-height-default\" data-id=\"74b3580\" data-element_type=\"section\" data-e-type=\"section\">\n\t\t\t\t\t\t<div class=\"elementor-container elementor-column-gap-default\">\n\t\t\t\t\t<div class=\"elementor-column elementor-col-100 elementor-top-column elementor-element elementor-element-0beceb7\" data-id=\"0beceb7\" data-element_type=\"column\" data-e-type=\"column\">\n\t\t\t<div class=\"elementor-widget-wrap\">\n\t\t\t\t\t\t\t<\/div>\n\t\t<\/div>\n\t\t\t\t\t<\/div>\n\t\t<\/section>\n\t\t\t\t<\/div>\n\t\t","protected":false},"excerpt":{"rendered":"<p>As esta\u00e7\u00f5es do ano ainda s\u00e3o ensinadas no Brasil com a nostalgia europeia onde o ver\u00e3o \u00e9 a esta\u00e7\u00e3o do calor, s\u00edmbolo sol ardente, o outono, simbolizado com folhas ca\u00eddas, o inverno \u00e9 a esta\u00e7\u00e3o fria, s\u00edmbolo floco de neve,<\/p>\n","protected":false},"author":1,"featured_media":0,"parent":231,"menu_order":1,"comment_status":"closed","ping_status":"closed","template":"","meta":{"footnotes":""},"class_list":["post-865","page","type-page","status-publish","hentry"],"_links":{"self":[{"href":"https:\/\/www.floresdoaterrodoflamengo.com.br\/index.php?rest_route=\/wp\/v2\/pages\/865","targetHints":{"allow":["GET"]}}],"collection":[{"href":"https:\/\/www.floresdoaterrodoflamengo.com.br\/index.php?rest_route=\/wp\/v2\/pages"}],"about":[{"href":"https:\/\/www.floresdoaterrodoflamengo.com.br\/index.php?rest_route=\/wp\/v2\/types\/page"}],"author":[{"embeddable":true,"href":"https:\/\/www.floresdoaterrodoflamengo.com.br\/index.php?rest_route=\/wp\/v2\/users\/1"}],"replies":[{"embeddable":true,"href":"https:\/\/www.floresdoaterrodoflamengo.com.br\/index.php?rest_route=%2Fwp%2Fv2%2Fcomments&post=865"}],"version-history":[{"count":22,"href":"https:\/\/www.floresdoaterrodoflamengo.com.br\/index.php?rest_route=\/wp\/v2\/pages\/865\/revisions"}],"predecessor-version":[{"id":22908,"href":"https:\/\/www.floresdoaterrodoflamengo.com.br\/index.php?rest_route=\/wp\/v2\/pages\/865\/revisions\/22908"}],"up":[{"embeddable":true,"href":"https:\/\/www.floresdoaterrodoflamengo.com.br\/index.php?rest_route=\/wp\/v2\/pages\/231"}],"wp:attachment":[{"href":"https:\/\/www.floresdoaterrodoflamengo.com.br\/index.php?rest_route=%2Fwp%2Fv2%2Fmedia&parent=865"}],"curies":[{"name":"wp","href":"https:\/\/api.w.org\/{rel}","templated":true}]}}