{"id":62,"date":"2021-09-01T20:02:17","date_gmt":"2021-09-01T23:02:17","guid":{"rendered":"http:\/\/floresdoaterrodoflamengo.com.br\/?page_id=62"},"modified":"2021-11-01T14:30:18","modified_gmt":"2021-11-01T17:30:18","slug":"hibisco","status":"publish","type":"page","link":"https:\/\/www.floresdoaterrodoflamengo.com.br\/?page_id=62","title":{"rendered":"Hibisco"},"content":{"rendered":"\t\t<div data-elementor-type=\"wp-page\" data-elementor-id=\"62\" class=\"elementor elementor-62\">\n\t\t\t\t\t\t<section class=\"elementor-section elementor-top-section elementor-element elementor-element-38e5d69 elementor-section-boxed elementor-section-height-default elementor-section-height-default\" data-id=\"38e5d69\" data-element_type=\"section\" data-e-type=\"section\">\n\t\t\t\t\t\t<div class=\"elementor-container elementor-column-gap-default\">\n\t\t\t\t\t<div class=\"elementor-column elementor-col-100 elementor-top-column elementor-element elementor-element-480448d\" data-id=\"480448d\" data-element_type=\"column\" data-e-type=\"column\">\n\t\t\t<div class=\"elementor-widget-wrap elementor-element-populated\">\n\t\t\t\t\t\t<div class=\"elementor-element elementor-element-101c711 elementor-widget elementor-widget-text-editor\" data-id=\"101c711\" data-element_type=\"widget\" data-e-type=\"widget\" data-widget_type=\"text-editor.default\">\n\t\t\t\t<div class=\"elementor-widget-container\">\n\t\t\t\t\t\t\t\t\t<h3>O <em>Hibiscus tilaceus<\/em><\/h3>\n<p><!-- \/wp:heading --><!-- wp:paragraph --><\/p>\n<p>No Aterro do Flamengo, no Rio de Janeiro, \u00e9 poss\u00edvel ter contato com uma enorme variedade de \u00e1rvores. Algumas nos chamam particular aten\u00e7\u00e3o, como essa que cresce deitada. Ela nasce erecta, mas com o tempo se inclina e cai. Se as ra\u00edzes resistem a queda, ela continuar a crescer. Existem v\u00e1rias nesta situa\u00e7\u00e3o.<\/p>\n<p><!-- \/wp:paragraph --><!-- wp:paragraph {\"align\":\"right\"} --><\/p>\n<p class=\"has-text-align-right\"><em>Nota do Autor: Este artigo foi publicado como &#8220;post&#8221;<\/em> <em>em ecen.com.br, dele veio a ideia deste site<\/em><\/p>\n<p><!-- \/wp:paragraph --><!-- wp:image {\"id\":65} --><\/p>\n<figure class=\"wp-block-image\"><img fetchpriority=\"high\" decoding=\"async\" width=\"791\" height=\"593\" class=\"wp-image-65\" src=\"http:\/\/floresdoaterrodoflamengo.com.br\/wp-content\/uploads\/2021\/09\/hibisco.jpg\" alt=\"\" srcset=\"https:\/\/www.floresdoaterrodoflamengo.com.br\/wp-content\/uploads\/2021\/09\/hibisco.jpg 791w, https:\/\/www.floresdoaterrodoflamengo.com.br\/wp-content\/uploads\/2021\/09\/hibisco-300x225.jpg 300w, https:\/\/www.floresdoaterrodoflamengo.com.br\/wp-content\/uploads\/2021\/09\/hibisco-768x576.jpg 768w\" sizes=\"(max-width: 791px) 100vw, 791px\" \/>\n<figcaption>\u00c1rvore de Hibisco ca\u00edda<\/figcaption>\n<\/figure>\n<p><!-- \/wp:image --><!-- wp:paragraph --><\/p>\n<p>Outra coisa que me chamou a aten\u00e7\u00e3o \u00e9 que suas flores sempre caem com a face para cima:<\/p>\n<p><!-- \/wp:paragraph --><!-- wp:image {\"align\":\"center\",\"id\":1582} --><\/p>\n<div class=\"wp-block-image\">\n<figure class=\"aligncenter\"><img decoding=\"async\" class=\"wp-image-1582\" src=\"http:\/\/ecen.com.br\/wp-content\/uploads\/2018\/05\/IMG_4480.jpg\" alt=\"\" \/><\/figure>\n<\/div>\n<p><!-- \/wp:image --><!-- wp:paragraph {\"align\":\"center\"} --><\/p>\n<p class=\"has-text-align-center\"><em>Figura 1: Quase todas as flores caem no ch\u00e3o voltadas para cima<\/em><\/p>\n<p><!-- \/wp:paragraph --><!-- wp:paragraph --><\/p>\n<p>Deve-se pensar que isto seja devido a alguma propriedade aerodin\u00e2mica da flor, o\u00a0 que pode ser verificado soltando flores rec\u00e9m ca\u00eddas.\u00a0<\/p>\t\t\t\t\t\t\t\t<\/div>\n\t\t\t\t<\/div>\n\t\t\t\t\t<\/div>\n\t\t<\/div>\n\t\t\t\t\t<\/div>\n\t\t<\/section>\n\t\t\t\t<section class=\"elementor-section elementor-top-section elementor-element elementor-element-1d9751f elementor-section-boxed elementor-section-height-default elementor-section-height-default\" data-id=\"1d9751f\" data-element_type=\"section\" data-e-type=\"section\">\n\t\t\t\t\t\t<div class=\"elementor-container elementor-column-gap-default\">\n\t\t\t\t\t<div class=\"elementor-column elementor-col-100 elementor-top-column elementor-element elementor-element-92880d2\" data-id=\"92880d2\" data-element_type=\"column\" data-e-type=\"column\">\n\t\t\t<div class=\"elementor-widget-wrap elementor-element-populated\">\n\t\t\t\t\t\t<div class=\"elementor-element elementor-element-8542dc1 elementor-widget elementor-widget-video\" data-id=\"8542dc1\" data-element_type=\"widget\" data-e-type=\"widget\" data-settings=\"{&quot;youtube_url&quot;:&quot;https:\\\/\\\/youtu.be\\\/-msw-09Qvlk&quot;,&quot;video_type&quot;:&quot;youtube&quot;,&quot;controls&quot;:&quot;yes&quot;}\" data-widget_type=\"video.default\">\n\t\t\t\t<div class=\"elementor-widget-container\">\n\t\t\t\t\t\t\t<div class=\"elementor-wrapper elementor-open-inline\">\n\t\t\t<div class=\"elementor-video\"><\/div>\t\t<\/div>\n\t\t\t\t\t\t<\/div>\n\t\t\t\t<\/div>\n\t\t\t\t\t<\/div>\n\t\t<\/div>\n\t\t\t\t\t<\/div>\n\t\t<\/section>\n\t\t\t\t<section class=\"elementor-section elementor-top-section elementor-element elementor-element-b76ed13 elementor-section-boxed elementor-section-height-default elementor-section-height-default\" data-id=\"b76ed13\" data-element_type=\"section\" data-e-type=\"section\">\n\t\t\t\t\t\t<div class=\"elementor-container elementor-column-gap-default\">\n\t\t\t\t\t<div class=\"elementor-column elementor-col-100 elementor-top-column elementor-element elementor-element-90015b2\" data-id=\"90015b2\" data-element_type=\"column\" data-e-type=\"column\">\n\t\t\t<div class=\"elementor-widget-wrap elementor-element-populated\">\n\t\t\t\t\t\t<div class=\"elementor-element elementor-element-3d83b03 elementor-widget elementor-widget-text-editor\" data-id=\"3d83b03\" data-element_type=\"widget\" data-e-type=\"widget\" data-widget_type=\"text-editor.default\">\n\t\t\t\t<div class=\"elementor-widget-container\">\n\t\t\t\t\t\t\t\t\t<p>A conclus\u00e3o sobre por que as flores caem nessa posi\u00e7\u00e3o n\u00e3o \u00e9 imediata, j\u00e1 que as relativamente mais velhas (a dura\u00e7\u00e3o das flores no p\u00e9 \u00e9 cerca de\u00a0apenas um dia) caem com a face para baixo, justo ao contr\u00e1rio das novas! A dire\u00e7\u00e3o do v\u00e9rtice do cone muda e o movimento rotat\u00f3rio continua assegurando um pouso suave que evita mudan\u00e7as de posi\u00e7\u00e3o no final da queda.\u00a0 Elas tamb\u00e9m v\u00e3o ficando mais escuras como pode ser visto na foto abaixo:<\/p>\n<p><!-- \/wp:paragraph --><!-- wp:image {\"align\":\"center\",\"id\":1597} --><\/p>\n<div class=\"wp-block-image\">\n<figure class=\"aligncenter\"><img decoding=\"async\" class=\"wp-image-1597\" src=\"http:\/\/ecen.com.br\/wp-content\/uploads\/2018\/05\/hibisco_gato-e1525375164462.jpg\" alt=\"\" \/><\/figure>\n<\/div>\n<p><!-- \/wp:image --><!-- wp:paragraph {\"align\":\"center\"} --><\/p>\n<p class=\"has-text-align-center\"><em>Figura 2: As p\u00e9talas cedem e as flores velhas, quando soltas, caem de face para baixo (Nota: os gatos s\u00e3o os donos do peda\u00e7o no Aterro)<\/em><\/p>\n<p><!-- \/wp:paragraph --><!-- wp:paragraph --><\/p>\n<p>Como sou apenas um curioso, fiquei imaginando como poderia saber que tipo de \u00e1rvore era aquela e outras com que me deparo em passeios matinais. Procurei no Google \u00e1rvore de flores amarelas, \u00e1rvores do Aterro do Flamengo, etc. Emfim, encontrei um aplicativo interessant\u00edssimo (com vers\u00e3o gratuita). \u00c9 o <em><a href=\"https:\/\/www.picturethisai.com\">Picture This<\/a><\/em>\u00a0. Voc\u00ea fotografa a flor com o celular, e ele envia sua foto para uma base de dados e te devolve sugest\u00f5es sobre a classifica\u00e7\u00e3o da planta e sua an\u00e1lise. O aplicativo coleta v\u00e1rias fotos, com folhas e outros detalhes, fiquei sabendo que tratava-se do <em>Sea Hibiscus<\/em> (em ingl\u00eas) ou <em>Hibiscus tiliaceus<\/em> (em latim), mais conhecido no Brasil como Algodoeiro de Praia, o que foi\u00a0 \u00a0f\u00e1cil de descobrir no Google a partir do nome em latim. Para as \u00e1rvores com flores, o aplicativo mostrou-se bastante eficaz. Veja abaixo o resultado:<\/p>\n<p><!-- \/wp:paragraph --><!-- wp:image {\"align\":\"center\",\"id\":1602} --><\/p>\n<div class=\"wp-block-image\">\n<figure class=\"aligncenter\"><img decoding=\"async\" class=\"wp-image-1602 aligncenter\" src=\"http:\/\/ecen.com.br\/wp-content\/uploads\/2018\/05\/03D77B28-1D82-4B2D-9246-ED38C4915B75.jpg\" alt=\"\" width=\"372\" height=\"590\" \/><\/figure>\n<\/div>\n<p><!-- \/wp:image --><!-- wp:image {\"align\":\"center\",\"id\":1601} --><\/p>\n<div class=\"wp-block-image\">\n<figure class=\"aligncenter\"><img decoding=\"async\" class=\"aligncenter wp-image-1601\" src=\"http:\/\/ecen.com.br\/wp-content\/uploads\/2018\/05\/7EA4A70F-2272-4B81-8473-E51EC50C139D.png\" alt=\"Informa\u00e7\u00f5es sobre o hibisco em ingl\u00eas\" width=\"373\" height=\"663\" \/><\/figure>\n<\/div>\n<p><!-- \/wp:image --><!-- wp:paragraph --><\/p>\n<p>Tradu\u00e7\u00e3o livre e tentativa:<\/p>\n<p><!-- \/wp:paragraph --><!-- wp:paragraph --><\/p>\n<p><strong>Descri\u00e7\u00e3o<\/strong><\/p>\n<p><!-- \/wp:paragraph --><!-- wp:paragraph --><\/p>\n<p>O Hibiscus tiliaceus alcan\u00e7a uma altura de 4 a10 m, com um tronco de at\u00e9 15 cm de di\u00e2metro. As flores do H. tiliaceus s\u00e3o de um amarelo brilhante com um vermelho escuro na parte central da corola.<\/p>\n<p><!-- \/wp:paragraph --><!-- wp:paragraph --><\/p>\n<p>Nota do curioso: Observando o tronco de nossa \u00e1rvore ca\u00edda, vi que ela tem, pelo menos, 70 cm de di\u00e2metro.<\/p>\n<p><!-- \/wp:paragraph --><!-- wp:paragraph --><\/p>\n<p><strong>Cultivo<\/strong><\/p>\n<p><!-- \/wp:paragraph --><!-- wp:paragraph --><\/p>\n<p>A \u00e1rvore em quest\u00e3o, cresce comumente nas praias, perto de rios e em p\u00e2ntanos e mangues. Cresce melhor em solos entre ligeiramente \u00e1cidos a alcalinos.<\/p>\n<p><!-- \/wp:paragraph --><!-- wp:paragraph --><\/p>\n<p><strong>Usos<\/strong><\/p>\n<p><!-- \/wp:paragraph --><!-- wp:paragraph --><\/p>\n<p>\u00c9 considerada, por muitos, como uma madeira de alta qualidade para mob\u00edlias. Considera-se que, a parte de sua casca, pode ser convertida em uma subst\u00e2ncia resistente para selar rachaduras em botes. Cascas e ra\u00edzes podem ser fervidas para elaborar um ch\u00e1 que serve para baixar febres e suas folhas tenras podem ser comidas como vegetais.<\/p>\n<p><!-- \/wp:paragraph --><!-- wp:paragraph --><\/p>\n<p><strong>Significado<\/strong><\/p>\n<p><!-- \/wp:paragraph --><!-- wp:paragraph --><\/p>\n<p>O significado de hibisco \u00e9 \u201cbeleza delicada\u201d<\/p>\n<p><!-- \/wp:paragraph --><!-- wp:heading {\"level\":3} --><\/p>\n<h3>Conclus\u00f5es de minha excurs\u00e3o<\/h3>\n<p><!-- \/wp:heading --><!-- wp:paragraph --><\/p>\n<p>Gostei de escrever sobre o assunto que desconhe\u00e7o e sobre um lugar que descobri que gosto. Quando estudante tinha uma certa ojeriza pelas ci\u00eancias biol\u00f3gicas que me foram apresentadas como uma s\u00e9rie de nomes para decorar. N\u00e3o existia a internet, os &#8220;smartfones&#8221; e seus aplicativos. N\u00e3o encontrei ainda nada sobre os hibiscus que crescem deitados e sobre as propriedades aerodin\u00e2micas das suas flores.\u00a0 \u00a0Tamb\u00e9m gostei de escrever na primeira pessoa do singular. Quem sabe me anime a escrever mais sobre essas coisas.\u00a0<\/p>\n<p><!-- \/wp:paragraph --><!-- wp:paragraph --><\/p>\n<p><em>Carlos Feu<\/em><\/p>\n<p><!-- \/wp:paragraph --><!-- wp:paragraph --><\/p>\n<p><strong>ADENDO<\/strong>:<\/p>\n<p><!-- \/wp:paragraph --><!-- wp:columns --><\/p>\n<div class=\"wp-block-columns\"><!-- wp:column {\"width\":\"100%\"} -->\n<div class=\"wp-block-column\" style=\"flex-basis: 100%;\"><!-- wp:heading {\"level\":3} -->\n<h3>Flor e Fruto<\/h3>\n<!-- \/wp:heading --><\/div>\n<!-- \/wp:column --><\/div>\n<p><!-- \/wp:columns --><!-- wp:columns --><\/p>\n<div class=\"wp-block-columns\"><!-- wp:column -->\n<div class=\"wp-block-column\"><!-- wp:image {\"align\":\"center\",\"id\":76,\"sizeSlug\":\"full\",\"linkDestination\":\"none\"} -->\n<div class=\"wp-block-image\">\n<figure class=\"aligncenter size-full\"><img loading=\"lazy\" decoding=\"async\" width=\"269\" height=\"376\" class=\"wp-image-76\" src=\"http:\/\/floresdoaterrodoflamengo.com.br\/wp-content\/uploads\/2021\/09\/algodao1.jpg\" alt=\"\" srcset=\"https:\/\/www.floresdoaterrodoflamengo.com.br\/wp-content\/uploads\/2021\/09\/algodao1.jpg 269w, https:\/\/www.floresdoaterrodoflamengo.com.br\/wp-content\/uploads\/2021\/09\/algodao1-215x300.jpg 215w\" sizes=\"(max-width: 269px) 100vw, 269px\" \/>\n<figcaption>Flor do hibisco<\/figcaption>\n<\/figure>\n<\/div>\n<!-- \/wp:image --><\/div>\n<!-- \/wp:column --><!-- wp:column -->\n<div class=\"wp-block-column\"><!-- wp:image {\"align\":\"center\",\"id\":77,\"sizeSlug\":\"full\",\"linkDestination\":\"none\"} -->\n<div class=\"wp-block-image\">\n<figure class=\"aligncenter size-full\"><img loading=\"lazy\" decoding=\"async\" width=\"273\" height=\"376\" class=\"wp-image-77\" src=\"http:\/\/floresdoaterrodoflamengo.com.br\/wp-content\/uploads\/2021\/09\/algodao2.jpg\" alt=\"\" srcset=\"https:\/\/www.floresdoaterrodoflamengo.com.br\/wp-content\/uploads\/2021\/09\/algodao2.jpg 273w, https:\/\/www.floresdoaterrodoflamengo.com.br\/wp-content\/uploads\/2021\/09\/algodao2-218x300.jpg 218w\" sizes=\"(max-width: 273px) 100vw, 273px\" \/>\n<figcaption>Fruto do hibisco<\/figcaption>\n<\/figure>\n<\/div>\n<!-- \/wp:image --><\/div>\n<!-- \/wp:column --><\/div>\n<p><!-- \/wp:columns --><!-- wp:paragraph {\"align\":\"center\"} --><\/p>\n<p class=\"has-text-align-center\"><em>Figura A1: Com a queda da flor (\u00e0 esquerda), forma-se o fruto (\u00e0 direita) no qual a<\/em><\/p>\t\t\t\t\t\t\t\t<\/div>\n\t\t\t\t<\/div>\n\t\t\t\t\t<\/div>\n\t\t<\/div>\n\t\t\t\t\t<\/div>\n\t\t<\/section>\n\t\t\t\t<\/div>\n\t\t","protected":false},"excerpt":{"rendered":"<p>O Hibiscus tilaceus No Aterro do Flamengo, no Rio de Janeiro, \u00e9 poss\u00edvel ter contato com uma enorme variedade de \u00e1rvores. Algumas nos chamam particular aten\u00e7\u00e3o, como essa que cresce deitada. Ela nasce erecta, mas com o tempo se inclina<\/p>\n","protected":false},"author":1,"featured_media":0,"parent":2,"menu_order":2,"comment_status":"closed","ping_status":"closed","template":"","meta":{"footnotes":""},"class_list":["post-62","page","type-page","status-publish","hentry"],"_links":{"self":[{"href":"https:\/\/www.floresdoaterrodoflamengo.com.br\/index.php?rest_route=\/wp\/v2\/pages\/62","targetHints":{"allow":["GET"]}}],"collection":[{"href":"https:\/\/www.floresdoaterrodoflamengo.com.br\/index.php?rest_route=\/wp\/v2\/pages"}],"about":[{"href":"https:\/\/www.floresdoaterrodoflamengo.com.br\/index.php?rest_route=\/wp\/v2\/types\/page"}],"author":[{"embeddable":true,"href":"https:\/\/www.floresdoaterrodoflamengo.com.br\/index.php?rest_route=\/wp\/v2\/users\/1"}],"replies":[{"embeddable":true,"href":"https:\/\/www.floresdoaterrodoflamengo.com.br\/index.php?rest_route=%2Fwp%2Fv2%2Fcomments&post=62"}],"version-history":[{"count":27,"href":"https:\/\/www.floresdoaterrodoflamengo.com.br\/index.php?rest_route=\/wp\/v2\/pages\/62\/revisions"}],"predecessor-version":[{"id":623,"href":"https:\/\/www.floresdoaterrodoflamengo.com.br\/index.php?rest_route=\/wp\/v2\/pages\/62\/revisions\/623"}],"up":[{"embeddable":true,"href":"https:\/\/www.floresdoaterrodoflamengo.com.br\/index.php?rest_route=\/wp\/v2\/pages\/2"}],"wp:attachment":[{"href":"https:\/\/www.floresdoaterrodoflamengo.com.br\/index.php?rest_route=%2Fwp%2Fv2%2Fmedia&parent=62"}],"curies":[{"name":"wp","href":"https:\/\/api.w.org\/{rel}","templated":true}]}}